{"id":154,"date":"2019-09-11T13:38:31","date_gmt":"2019-09-11T16:38:31","guid":{"rendered":"http:\/\/localhost\/tpa\/?page_id=154"},"modified":"2023-07-14T15:26:46","modified_gmt":"2023-07-14T18:26:46","slug":"em-construcao","status":"publish","type":"page","link":"https:\/\/dc4.com.br\/en\/imoveis\/em-construcao\/","title":{"rendered":"Im\u00f3veis em constru\u00e7\u00e3o"},"content":{"rendered":"","protected":false},"excerpt":{"rendered":"","protected":false},"author":1,"featured_media":0,"parent":142,"menu_order":0,"comment_status":"closed","ping_status":"closed","template":"page-immobiles-em-construcao.php","meta":{"footnotes":""},"acf":{"background_imoveis_a_venda":"https:\/\/dc4.com.br\/wp-content\/uploads\/2023\/07\/imoveis-em-construcao.jpg"},"_links":{"self":[{"href":"https:\/\/dc4.com.br\/en\/wp-json\/wp\/v2\/pages\/154"}],"collection":[{"href":"https:\/\/dc4.com.br\/en\/wp-json\/wp\/v2\/pages"}],"about":[{"href":"https:\/\/dc4.com.br\/en\/wp-json\/wp\/v2\/types\/page"}],"author":[{"embeddable":true,"href":"https:\/\/dc4.com.br\/en\/wp-json\/wp\/v2\/users\/1"}],"replies":[{"embeddable":true,"href":"https:\/\/dc4.com.br\/en\/wp-json\/wp\/v2\/comments?post=154"}],"version-history":[{"count":6,"href":"https:\/\/dc4.com.br\/en\/wp-json\/wp\/v2\/pages\/154\/revisions"}],"predecessor-version":[{"id":23385,"href":"https:\/\/dc4.com.br\/en\/wp-json\/wp\/v2\/pages\/154\/revisions\/23385"}],"up":[{"embeddable":true,"href":"https:\/\/dc4.com.br\/en\/wp-json\/wp\/v2\/pages\/142"}],"wp:attachment":[{"href":"https:\/\/dc4.com.br\/en\/wp-json\/wp\/v2\/media?parent=154"}],"curies":[{"name":"wp","href":"https:\/\/api.w.org\/{rel}","templated":true}]}}