{"id":695,"date":"2019-12-03T10:28:47","date_gmt":"2019-12-03T13:28:47","guid":{"rendered":"http:\/\/aprovacao.internit.com.br\/~metronwp\/?page_id=695"},"modified":"2025-12-23T15:43:08","modified_gmt":"2025-12-23T18:43:08","slug":"sobre-nos","status":"publish","type":"page","link":"https:\/\/dc4.com.br\/en\/sobre-nos\/","title":{"rendered":"About Us"},"content":{"rendered":"","protected":false},"excerpt":{"rendered":"","protected":false},"author":1,"featured_media":0,"parent":0,"menu_order":0,"comment_status":"closed","ping_status":"closed","template":"page-about-us.php","meta":{"footnotes":""},"acf":{"background_quem_somos":"https:\/\/dc4.com.br\/wp-content\/uploads\/2023\/07\/Sobre-nos-1-1.jpg","texto_sobre_nos":"A DC4 surgiu em 2011 por um grupo de profissionais experientes do mercado imobili\u00e1rio, buscando desenvolver empreendimentos alinhados com seus valores e prop\u00f3sitos pessoais.<br \/>\r\n<br \/>\r\nRealizar o sonho da casa pr\u00f3pria para uma fam\u00edlia \u00e9 uma miss\u00e3o nobre, e projetar im\u00f3veis acess\u00edveis \u00e0s diversas realidades brasileiras, com conforto e seguran\u00e7a, \u00e9 um verdadeiro desafio. Por isso levamos muito \u00e0 s\u00e9rio cada etapa do desenvolvimento de um projeto. \u00c9 tornando nosso processo construtivo eficaz que tornamos poss\u00edvel entregar ao cliente sempre mais do que ele espera.<br \/>\r\n<br \/>\r\nCom uma equipe coesa, aperfei\u00e7oamos nossos m\u00e9todos a cada projeto, e levando sempre em considera\u00e7\u00e3o a opini\u00e3o de quem \u00e9 especialista no assunto: o cliente, que vai viver dentro dos nossos empreendimentos, nos confiando a seguran\u00e7a e o conforto da sua fam\u00edlia. \u00c9 nisso que acreditamos.","texto_politica_de_qualidade":"A DC4 Empreendimentos busca continuamente a satisfa\u00e7\u00e3o de seus clientes atrav\u00e9s do atendimento aos requisitos da qualidade dos seus produtos e servi\u00e7os, pela capacita\u00e7\u00e3o dos seus colaboradores, melhoria cont\u00ednua e sustentabilidade nos canteiros de obras.","parceiros":[{"imagem_do_parceiro":"https:\/\/dc4.com.br\/wp-content\/uploads\/2023\/07\/Caixa_Economica_Federal_logo.png","nome_do_parceiro":"Financiamento "}],"carousel_de_imoveis":[{"background_do_imovel":"https:\/\/dc4.com.br\/wp-content\/uploads\/2023\/07\/MG_5383-1.jpg","nome_do_carousel":"Equipe"},{"background_do_imovel":"https:\/\/dc4.com.br\/wp-content\/uploads\/2023\/07\/Sobre-nos-1-1.jpg","nome_do_carousel":"Obra"},{"background_do_imovel":"https:\/\/dc4.com.br\/wp-content\/uploads\/2023\/07\/Destaque-Grand-Villagio.jpeg","nome_do_carousel":"Grand Villagio"}],"estrategia":[{"titulo":"Miss\u00e3o","descricao":"<p>A DC4 tem como principal foco superar a expectativa de seus clientes, construindo empreendimentos de qualidade, com \u00e9tica, dedica\u00e7\u00e3o e profissionalismo.<\/p>\n","tag_icone":"<i class=\"fas fa-bullseye\"><\/i>"},{"titulo":"Vis\u00e3o","descricao":"<p>Nos pr\u00f3ximos anos, a DC4 tem por objetivo consolidar-se com uma refer\u00eancia de qualidade, especialmente no segmento residencial m\u00e9dio e econ\u00f4mico no Estado do Rio de Janeiro.<\/p>\n","tag_icone":"<i class=\"fas fa-binoculars\"><\/i>"},{"titulo":"Valores","descricao":"<p>Comprometimento e dedica\u00e7\u00e3o de uma equipe de profissionais qualificados, focados nos melhores resultados para o crescimento sustent\u00e1vel da empresa;<br \/>\nConcep\u00e7\u00e3o de produtos imobili\u00e1rios diferenciados, pautados na qualidade construtiva, em pre\u00e7os altamente competitivos e respeito aos prazos de entrega acordados;<br \/>\nResponsabilidade s\u00f3cio ambiental;<br \/>\n\u00c9tica, transpar\u00eancia e respeito no tratamento com nossos clientes.<\/p>\n","tag_icone":"<i class=\"fas fa-balance-scale\"><\/i>"}],"anos_de_historia":"10","obras_realizadas":"","unidades_entregues":"2000","metros_quadrados_construidos":""},"_links":{"self":[{"href":"https:\/\/dc4.com.br\/en\/wp-json\/wp\/v2\/pages\/695"}],"collection":[{"href":"https:\/\/dc4.com.br\/en\/wp-json\/wp\/v2\/pages"}],"about":[{"href":"https:\/\/dc4.com.br\/en\/wp-json\/wp\/v2\/types\/page"}],"author":[{"embeddable":true,"href":"https:\/\/dc4.com.br\/en\/wp-json\/wp\/v2\/users\/1"}],"replies":[{"embeddable":true,"href":"https:\/\/dc4.com.br\/en\/wp-json\/wp\/v2\/comments?post=695"}],"version-history":[{"count":54,"href":"https:\/\/dc4.com.br\/en\/wp-json\/wp\/v2\/pages\/695\/revisions"}],"predecessor-version":[{"id":23689,"href":"https:\/\/dc4.com.br\/en\/wp-json\/wp\/v2\/pages\/695\/revisions\/23689"}],"wp:attachment":[{"href":"https:\/\/dc4.com.br\/en\/wp-json\/wp\/v2\/media?parent=695"}],"curies":[{"name":"wp","href":"https:\/\/api.w.org\/{rel}","templated":true}]}}